{"id":1545,"date":"2025-07-13T23:16:45","date_gmt":"2025-07-13T23:16:45","guid":{"rendered":"https:\/\/croatasenmendoza.org\/?page_id=1545"},"modified":"2025-07-25T23:29:10","modified_gmt":"2025-07-25T23:29:10","slug":"cultura-croata","status":"publish","type":"page","link":"https:\/\/croatasenmendoza.org\/hr\/cultura-croata\/","title":{"rendered":"Hrvatska kultura"},"content":{"rendered":"<div class=\"wp-block-stackable-columns alignfull stk-block-columns stk-block stk-cf247fd stk-block-background stk--has-background-overlay\" data-block-id=\"cf247fd\"><style>.stk-cf247fd {background-color:var(--theme-palette-color-4, #000000) !important;background-image:url(https:\/\/croatasenmendoza.org\/wp-content\/uploads\/2025\/07\/Imagen-de-WhatsApp-2025-05-31-a-las-11.57.33_391a2df3.jpg) !important;padding-top:390px !important;padding-right:35px !important;padding-bottom:320px !important;padding-left:35px !important;margin-bottom:50px !important;}.stk-cf247fd:before{background-color:var(--theme-palette-color-4, #000000) !important;opacity:0.5 !important;}@media screen and (max-width:999px){.stk-cf247fd {padding-top:290px !important;padding-bottom:250px !important;}}@media screen and (max-width:689px){.stk-cf247fd {padding-top:220px !important;padding-right:18px !important;padding-bottom:180px !important;padding-left:18px !important;}}<\/style><div class=\"stk-row stk-inner-blocks has-text-align-center stk-block-content stk-content-align stk-cf247fd-column\">\n<div class=\"wp-block-stackable-column stk-block-column stk-column stk-block stk-1d93b9f\" data-v=\"4\" data-block-id=\"1d93b9f\"><style>.stk-1d93b9f-container{margin-top:0px !important;margin-right:0px !important;margin-bottom:0px !important;margin-left:0px !important;}<\/style><div class=\"stk-column-wrapper stk-block-column__content stk-container stk-1d93b9f-container stk--no-background stk--no-padding\"><div class=\"stk-block-content stk-inner-blocks stk-1d93b9f-inner-blocks\">\n<div class=\"wp-block-stackable-heading stk-block-heading stk-block-heading--v2 stk-block stk-436ce8b\" id=\"nuestra-cultura\" data-block-id=\"436ce8b\"><style>.stk-436ce8b {margin-bottom:16px !important;}.stk-436ce8b .stk-block-heading__text{font-size:100px !important;color:var(--theme-palette-color-8, #ffffff) !important;line-height:1.3em !important;font-weight:800 !important;}@media screen and (max-width:999px){.stk-436ce8b .stk-block-heading__text{font-size:70px !important;}}@media screen and (max-width:689px){.stk-436ce8b .stk-block-heading__text{font-size:40px !important;}}<\/style><h2 class=\"stk-block-heading__text has-text-color has-palette-color-8-color\">Nuestra Cultura<\/h2><\/div>\n<\/div><\/div><\/div>\n<\/div><\/div>\n\n\n\n<div class=\"wp-block-stackable-text stk-block-text stk-block stk-64456fb\" data-block-id=\"64456fb\"><style>.stk-64456fb {margin-bottom:50px !important;}.stk-64456fb .stk-block-text__text{font-size:30px !important;font-style:italic !important;}@media screen and (max-width:999px){.stk-64456fb .stk-block-text__text{font-size:30px !important;}}<\/style><p class=\"stk-block-text__text has-text-align-center\">Nuestra identidad vive en la lengua, la m\u00fasica, la danza y los sabores. A trav\u00e9s de distintas actividades promovemos la riqueza cultural de Croacia, acerc\u00e1ndola a la comunidad mendocina con pasi\u00f3n y compromiso.<\/p><\/div>\n\n\n\n<div class=\"wp-block-stackable-columns stk-block-columns stk-block stk-b536dc7 stk-block-background\" data-block-id=\"b536dc7\"><style>.stk-b536dc7 {background-color:#c52626 !important;box-shadow:none !important;padding-top:90px !important;padding-right:50px !important;padding-bottom:90px !important;padding-left:50px !important;margin-bottom:0px !important;}.stk-b536dc7:before{background-color:#c52626 !important;}.stk-b536dc7-column{--stk-column-gap:35px !important;row-gap:35px !important;}@media screen and (max-width:689px){.stk-b536dc7 {padding-top:15% !important;padding-right:10% !important;padding-bottom:15% !important;padding-left:10% !important;}}<\/style><div class=\"stk-row stk-inner-blocks has-text-align-center-mobile stk-block-content stk-content-align stk-b536dc7-column\">\n<div class=\"wp-block-stackable-column stk-block-column stk-column stk-block stk-cdfd108\" data-v=\"4\" data-block-id=\"cdfd108\"><style>.stk-cdfd108-container{margin-top:0px !important;margin-right:0px !important;margin-bottom:0px !important;margin-left:0px !important;}<\/style><div class=\"stk-column-wrapper stk-block-column__content stk-container stk-cdfd108-container stk--no-background stk--no-padding\"><div class=\"stk-block-content stk-inner-blocks stk-cdfd108-inner-blocks\">\n<figure class=\"wp-block-image size-large\"><img loading=\"lazy\" decoding=\"async\" width=\"1024\" height=\"777\" src=\"https:\/\/croatasenmendoza.org\/wp-content\/uploads\/2025\/07\/Imagen-de-WhatsApp-2025-05-31-a-las-11.57.32_c8ec6540-1-1024x777.jpg\" alt=\"\" class=\"wp-image-1612\" srcset=\"https:\/\/croatasenmendoza.org\/wp-content\/uploads\/2025\/07\/Imagen-de-WhatsApp-2025-05-31-a-las-11.57.32_c8ec6540-1-1024x777.jpg 1024w, https:\/\/croatasenmendoza.org\/wp-content\/uploads\/2025\/07\/Imagen-de-WhatsApp-2025-05-31-a-las-11.57.32_c8ec6540-1-300x228.jpg 300w, https:\/\/croatasenmendoza.org\/wp-content\/uploads\/2025\/07\/Imagen-de-WhatsApp-2025-05-31-a-las-11.57.32_c8ec6540-1-768x583.jpg 768w, https:\/\/croatasenmendoza.org\/wp-content\/uploads\/2025\/07\/Imagen-de-WhatsApp-2025-05-31-a-las-11.57.32_c8ec6540-1-1536x1165.jpg 1536w, https:\/\/croatasenmendoza.org\/wp-content\/uploads\/2025\/07\/Imagen-de-WhatsApp-2025-05-31-a-las-11.57.32_c8ec6540-1.jpg 1600w\" sizes=\"auto, (max-width: 1024px) 100vw, 1024px\" \/><\/figure>\n<\/div><\/div><\/div>\n\n\n\n<div class=\"wp-block-stackable-column stk-block-column stk-column stk-block stk-9646b4d\" data-v=\"4\" data-block-id=\"9646b4d\"><style>.stk-9646b4d-container{margin-top:0px !important;margin-right:0px !important;margin-bottom:0px !important;margin-left:0px !important;}.stk-9646b4d-inner-blocks{justify-content:center !important;}<\/style><div class=\"stk-column-wrapper stk-block-column__content stk-container stk-9646b4d-container stk--no-background stk--no-padding\"><div class=\"has-text-align-left stk--column-flex stk-block-content stk-inner-blocks stk-9646b4d-inner-blocks\">\n<div class=\"wp-block-stackable-heading stk-block-heading stk-block-heading--v2 stk-block stk-65e6609\" id=\"strong-span-style-color-ffffff-class-stk-highlight-planinari-span-strong\" data-block-id=\"65e6609\"><style>.stk-65e6609 {margin-bottom:0px !important;}.stk-65e6609 .stk-block-heading__text{font-size:45px !important;font-weight:800 !important;}@media screen and (max-width:999px){.stk-65e6609 .stk-block-heading__text{font-size:30px !important;}}<\/style><h2 class=\"stk-block-heading__text has-text-align-center\"><strong><span style=\"color: #ffffff;\" class=\"stk-highlight\">Planinari<\/span><\/strong><\/h2><\/div>\n\n\n\n<div class=\"wp-block-stackable-text stk-block-text stk-block stk-3d09c82\" data-block-id=\"3d09c82\"><p class=\"stk-block-text__text has-text-align-center has-text-align-center-mobile\"><span style=\"color: #ffffff;\" class=\"stk-highlight\">Planinari es nuestro <strong>grupo musical institucional<\/strong>, dedicado a interpretar canciones tradicionales croatas y latinoamericanas. Con instrumentos y voces que transmiten historia y alegr\u00eda, participan activamente en eventos culturales, encuentros de colectividades y celebraciones patrias.<br>Cada presentaci\u00f3n es un puente entre Mendoza y Croacia, con m\u00fasica como idioma com\u00fan.<\/span><\/p><\/div>\n<\/div><\/div><\/div>\n<\/div><\/div>\n\n\n\n<div class=\"wp-block-stackable-columns stk-block-columns stk-block stk-1053bac stk-block-background\" data-block-id=\"1053bac\"><style>.stk-1053bac {background-color:#2f185f !important;padding-top:90px !important;padding-right:50px !important;padding-bottom:90px !important;padding-left:50px !important;margin-bottom:0px !important;}.stk-1053bac:before{background-color:#2f185f !important;}.stk-1053bac-column{--stk-column-gap:35px !important;row-gap:35px !important;}@media screen and (max-width:689px){.stk-1053bac {padding-top:15% !important;padding-right:10% !important;padding-bottom:15% !important;padding-left:10% !important;}}<\/style><div class=\"stk-row stk-inner-blocks has-text-align-center-mobile stk-block-content stk-content-align stk-1053bac-column\">\n<div class=\"wp-block-stackable-column stk-block-column stk-column stk-block stk-15f541b\" data-v=\"4\" data-block-id=\"15f541b\"><style>.stk-15f541b-container{margin-top:0px !important;margin-right:0px !important;margin-bottom:0px !important;margin-left:0px !important;}<\/style><div class=\"stk-column-wrapper stk-block-column__content stk-container stk-15f541b-container stk--no-background stk--no-padding\"><div class=\"stk-block-content stk-inner-blocks stk-15f541b-inner-blocks\">\n<figure class=\"wp-block-image size-large\"><img loading=\"lazy\" decoding=\"async\" width=\"1024\" height=\"768\" src=\"https:\/\/croatasenmendoza.org\/wp-content\/uploads\/2025\/07\/Imagen-de-WhatsApp-2025-06-24-a-las-12.53.07_0aaf6706-1024x768.jpg\" alt=\"croatas en mendoza\" class=\"wp-image-1525\" srcset=\"https:\/\/croatasenmendoza.org\/wp-content\/uploads\/2025\/07\/Imagen-de-WhatsApp-2025-06-24-a-las-12.53.07_0aaf6706-1024x768.jpg 1024w, https:\/\/croatasenmendoza.org\/wp-content\/uploads\/2025\/07\/Imagen-de-WhatsApp-2025-06-24-a-las-12.53.07_0aaf6706-300x225.jpg 300w, https:\/\/croatasenmendoza.org\/wp-content\/uploads\/2025\/07\/Imagen-de-WhatsApp-2025-06-24-a-las-12.53.07_0aaf6706-768x576.jpg 768w, https:\/\/croatasenmendoza.org\/wp-content\/uploads\/2025\/07\/Imagen-de-WhatsApp-2025-06-24-a-las-12.53.07_0aaf6706-1536x1152.jpg 1536w, https:\/\/croatasenmendoza.org\/wp-content\/uploads\/2025\/07\/Imagen-de-WhatsApp-2025-06-24-a-las-12.53.07_0aaf6706-2048x1536.jpg 2048w\" sizes=\"auto, (max-width: 1024px) 100vw, 1024px\" \/><\/figure>\n<\/div><\/div><\/div>\n\n\n\n<div class=\"wp-block-stackable-column stk-block-column stk-column stk-block stk-8f949fb\" data-v=\"4\" data-block-id=\"8f949fb\"><style>.stk-8f949fb-container{margin-top:0px !important;margin-right:0px !important;margin-bottom:0px !important;margin-left:0px !important;}.stk-8f949fb-inner-blocks{justify-content:center !important;}<\/style><div class=\"stk-column-wrapper stk-block-column__content stk-container stk-8f949fb-container stk--no-background stk--no-padding\"><div class=\"has-text-align-left stk--column-flex stk-block-content stk-inner-blocks stk-8f949fb-inner-blocks\">\n<div class=\"wp-block-stackable-heading stk-block-heading stk-block-heading--v2 stk-block stk-2ca777c\" id=\"strong-span-style-color-ffffff-class-stk-highlight-veseli-span-strong\" data-block-id=\"2ca777c\"><style>.stk-2ca777c {margin-bottom:0px !important;}.stk-2ca777c .stk-block-heading__text{font-size:45px !important;font-weight:800 !important;}@media screen and (max-width:999px){.stk-2ca777c .stk-block-heading__text{font-size:30px !important;}}<\/style><h2 class=\"stk-block-heading__text has-text-align-center\"><strong><span style=\"color: #ffffff;\" class=\"stk-highlight\">Veseli<\/span><\/strong><\/h2><\/div>\n\n\n\n<div class=\"wp-block-stackable-text stk-block-text stk-block stk-7c6be13\" data-block-id=\"7c6be13\"><p class=\"stk-block-text__text has-text-align-center has-text-align-center-mobile\"><span style=\"color: #ffffff;\" class=\"stk-highlight\">Veseli es el grupo de danza tradicional de la Asociaci\u00f3n, donde ni\u00f1os, j\u00f3venes y adultos <strong>recrean bailes t\u00edpicos croatas<\/strong> con trajes, coreograf\u00edas y ritmos representativos de distintas regiones.<br>Las danzas son parte de nuestra herencia y reflejan el esp\u00edritu festivo de nuestra colectividad. Veseli se presenta en fiestas, ferias y actos comunitarios.<\/span><\/p><\/div>\n<\/div><\/div><\/div>\n<\/div><\/div>\n\n\n\n<div class=\"wp-block-stackable-columns stk-block-columns stk-block stk-2d00eab stk-block-background\" data-block-id=\"2d00eab\"><style>.stk-2d00eab {background-color:#c52626 !important;padding-top:90px !important;padding-right:50px !important;padding-bottom:90px !important;padding-left:50px !important;margin-bottom:0px !important;}.stk-2d00eab:before{background-color:#c52626 !important;}.stk-2d00eab-column{--stk-column-gap:35px !important;row-gap:35px !important;}@media screen and (max-width:689px){.stk-2d00eab {padding-top:15% !important;padding-right:10% !important;padding-bottom:15% !important;padding-left:10% !important;}}<\/style><div class=\"stk-row stk-inner-blocks has-text-align-center-mobile stk-block-content stk-content-align stk-2d00eab-column\">\n<div class=\"wp-block-stackable-column stk-block-column stk-column stk-block stk-df1384c\" data-v=\"4\" data-block-id=\"df1384c\"><style>.stk-df1384c-container{margin-top:0px !important;margin-right:0px !important;margin-bottom:0px !important;margin-left:0px !important;}<\/style><div class=\"stk-column-wrapper stk-block-column__content stk-container stk-df1384c-container stk--no-background stk--no-padding\"><div class=\"stk-block-content stk-inner-blocks stk-df1384c-inner-blocks\">\n<figure class=\"wp-block-image size-large is-resized\"><img loading=\"lazy\" decoding=\"async\" width=\"1200\" height=\"900\" src=\"https:\/\/croatasenmendoza.org\/wp-content\/uploads\/2025\/07\/Imagen-de-WhatsApp-2025-05-30-a-las-13.37.19_79febc3f-1-edited-1.jpg\" alt=\"\" class=\"wp-image-1615\" style=\"width:564px;height:auto\" srcset=\"https:\/\/croatasenmendoza.org\/wp-content\/uploads\/2025\/07\/Imagen-de-WhatsApp-2025-05-30-a-las-13.37.19_79febc3f-1-edited-1.jpg 1200w, https:\/\/croatasenmendoza.org\/wp-content\/uploads\/2025\/07\/Imagen-de-WhatsApp-2025-05-30-a-las-13.37.19_79febc3f-1-edited-1-300x225.jpg 300w, https:\/\/croatasenmendoza.org\/wp-content\/uploads\/2025\/07\/Imagen-de-WhatsApp-2025-05-30-a-las-13.37.19_79febc3f-1-edited-1-1024x768.jpg 1024w, https:\/\/croatasenmendoza.org\/wp-content\/uploads\/2025\/07\/Imagen-de-WhatsApp-2025-05-30-a-las-13.37.19_79febc3f-1-edited-1-768x576.jpg 768w\" sizes=\"auto, (max-width: 1200px) 100vw, 1200px\" \/><\/figure>\n<\/div><\/div><\/div>\n\n\n\n<div class=\"wp-block-stackable-column stk-block-column stk-column stk-block stk-99a0eac\" data-v=\"4\" data-block-id=\"99a0eac\"><style>.stk-99a0eac-container{margin-top:0px !important;margin-right:0px !important;margin-bottom:0px !important;margin-left:0px !important;}.stk-99a0eac-inner-blocks{justify-content:center !important;}<\/style><div class=\"stk-column-wrapper stk-block-column__content stk-container stk-99a0eac-container stk--no-background stk--no-padding\"><div class=\"has-text-align-left stk--column-flex stk-block-content stk-inner-blocks stk-99a0eac-inner-blocks\">\n<div class=\"wp-block-stackable-heading stk-block-heading stk-block-heading--v2 stk-block stk-5c3e236\" id=\"strong-span-style-color-ffffff-class-stk-highlight-clases-de-idioma-croata-span-strong\" data-block-id=\"5c3e236\"><style>.stk-5c3e236 {margin-bottom:0px !important;}.stk-5c3e236 .stk-block-heading__text{font-size:45px !important;font-weight:800 !important;}@media screen and (max-width:999px){.stk-5c3e236 .stk-block-heading__text{font-size:30px !important;}}<\/style><h2 class=\"stk-block-heading__text has-text-align-center\"><strong><span style=\"color: #ffffff;\" class=\"stk-highlight\">Clases de idioma croata<\/span><\/strong><\/h2><\/div>\n\n\n\n<div class=\"wp-block-stackable-text stk-block-text stk-block stk-5056ba1\" data-block-id=\"5056ba1\"><p class=\"stk-block-text__text has-text-align-center has-text-align-center-mobile\"><span style=\"color: #ffffff;\" class=\"stk-highlight\">Ofrecemos clases de idioma croata para todos los niveles.<br>Aprender croata no solo permite hablar el idioma de nuestros antepasados, sino tambi\u00e9n <strong>conectarse con la cultura, los valores y la historia<\/strong> de una naci\u00f3n. Las clases son din\u00e1micas, con mucho intercambio y buena onda.<\/span><\/p><\/div>\n<\/div><\/div><\/div>\n<\/div><\/div>\n\n\n\n<div class=\"wp-block-stackable-columns stk-block-columns stk-block stk-050231d stk-block-background\" data-block-id=\"050231d\"><style>.stk-050231d {background-color:#2f185f !important;padding-top:90px !important;padding-right:50px !important;padding-bottom:90px !important;padding-left:50px !important;margin-bottom:0px !important;}.stk-050231d:before{background-color:#2f185f !important;}.stk-050231d-column{--stk-column-gap:35px !important;row-gap:35px !important;}@media screen and (max-width:689px){.stk-050231d {padding-top:15% !important;padding-right:10% !important;padding-bottom:15% !important;padding-left:10% !important;}}<\/style><div class=\"stk-row stk-inner-blocks has-text-align-center-mobile stk-block-content stk-content-align stk-050231d-column\">\n<div class=\"wp-block-stackable-column stk-block-column stk-column stk-block stk-e795c8f\" data-v=\"4\" data-block-id=\"e795c8f\"><style>.stk-e795c8f-container{margin-top:0px !important;margin-right:0px !important;margin-bottom:0px !important;margin-left:0px !important;}<\/style><div class=\"stk-column-wrapper stk-block-column__content stk-container stk-e795c8f-container stk--no-background stk--no-padding\"><div class=\"stk-block-content stk-inner-blocks stk-e795c8f-inner-blocks\">\n<figure class=\"wp-block-image size-large\"><img loading=\"lazy\" decoding=\"async\" width=\"1024\" height=\"768\" src=\"https:\/\/croatasenmendoza.org\/wp-content\/uploads\/2025\/07\/Imagen-de-WhatsApp-2025-05-10-a-las-19.34.53_32360b34-1024x768.jpg\" alt=\"\" class=\"wp-image-1616\" srcset=\"https:\/\/croatasenmendoza.org\/wp-content\/uploads\/2025\/07\/Imagen-de-WhatsApp-2025-05-10-a-las-19.34.53_32360b34-1024x768.jpg 1024w, https:\/\/croatasenmendoza.org\/wp-content\/uploads\/2025\/07\/Imagen-de-WhatsApp-2025-05-10-a-las-19.34.53_32360b34-300x225.jpg 300w, https:\/\/croatasenmendoza.org\/wp-content\/uploads\/2025\/07\/Imagen-de-WhatsApp-2025-05-10-a-las-19.34.53_32360b34-768x576.jpg 768w, https:\/\/croatasenmendoza.org\/wp-content\/uploads\/2025\/07\/Imagen-de-WhatsApp-2025-05-10-a-las-19.34.53_32360b34-1536x1152.jpg 1536w, https:\/\/croatasenmendoza.org\/wp-content\/uploads\/2025\/07\/Imagen-de-WhatsApp-2025-05-10-a-las-19.34.53_32360b34.jpg 1600w\" sizes=\"auto, (max-width: 1024px) 100vw, 1024px\" \/><\/figure>\n<\/div><\/div><\/div>\n\n\n\n<div class=\"wp-block-stackable-column stk-block-column stk-column stk-block stk-91e2e3f\" data-v=\"4\" data-block-id=\"91e2e3f\"><style>.stk-91e2e3f-container{margin-top:0px !important;margin-right:0px !important;margin-bottom:0px !important;margin-left:0px !important;}.stk-91e2e3f-inner-blocks{justify-content:center !important;}<\/style><div class=\"stk-column-wrapper stk-block-column__content stk-container stk-91e2e3f-container stk--no-background stk--no-padding\"><div class=\"has-text-align-left stk--column-flex stk-block-content stk-inner-blocks stk-91e2e3f-inner-blocks\">\n<div class=\"wp-block-stackable-heading stk-block-heading stk-block-heading--v2 stk-block stk-450d1f0\" id=\"strong-span-style-color-ffffff-class-stk-highlight-clases-de-cocina-croata-span-strong\" data-block-id=\"450d1f0\"><style>.stk-450d1f0 {margin-bottom:0px !important;}.stk-450d1f0 .stk-block-heading__text{font-size:45px !important;font-weight:800 !important;}@media screen and (max-width:999px){.stk-450d1f0 .stk-block-heading__text{font-size:30px !important;}}<\/style><h2 class=\"stk-block-heading__text has-text-align-center\"><strong><span style=\"color: #ffffff;\" class=\"stk-highlight\">Clases de cocina croata<\/span><\/strong><\/h2><\/div>\n\n\n\n<div class=\"wp-block-stackable-text stk-block-text stk-block stk-4cd289d\" data-block-id=\"4cd289d\"><p class=\"stk-block-text__text has-text-align-center has-text-align-center-mobile\"><span style=\"color: #ffffff;\" class=\"stk-highlight\">La gastronom\u00eda es una forma de hacer cultura. Por eso, organizamos talleres donde aprendemos a preparar <strong>platos t\u00edpicos croatas<\/strong>, como \u0161trukli, sarma y otras delicias.<br>Estos espacios son encuentros de aprendizaje, sabores y comunidad, donde cada receta es una historia compartida.<\/span><\/p><\/div>\n<\/div><\/div><\/div>\n<\/div><\/div>\n\n\n\n<p><\/p>\n\n\n\n<h2 class=\"wp-block-heading has-text-align-center\">Consultanos<\/h2>\n\n\n<div class=\"wpforms-container wpforms-container-full wpforms-block wpforms-block-225da7bc-8c9c-4f5e-b4e7-21189a27bb81 ct-custom-button ct-custom-spacing wpforms-render-modern\" id=\"wpforms-541\"><form id=\"wpforms-form-541\" class=\"wpforms-validate wpforms-form\" data-formid=\"541\" method=\"post\" enctype=\"multipart\/form-data\" action=\"\/hr\/wp-json\/wp\/v2\/pages\/1545\" data-token=\"9b7a4f9f794abe49c0b918a57e1d86e2\" data-token-time=\"1776786595\" data-trp-original-action=\"\/hr\/wp-json\/wp\/v2\/pages\/1545\"><noscript class=\"wpforms-error-noscript\">Please enable JavaScript in your browser to complete this form.<\/noscript><div class=\"wpforms-hidden\" id=\"wpforms-error-noscript\">Please enable JavaScript in your browser to complete this form.<\/div><div class=\"wpforms-field-container\"><div id=\"wpforms-541-field_0-container\" class=\"wpforms-field wpforms-field-name\" data-field-id=\"0\"><label class=\"wpforms-field-label wpforms-label-hide\" for=\"wpforms-541-field_0\" aria-hidden=\"false\">Ime <span class=\"wpforms-required-label\" aria-hidden=\"true\">*<\/span><\/label><input type=\"text\" id=\"wpforms-541-field_0\" class=\"wpforms-field-large wpforms-field-required\" name=\"wpforms[fields][0]\" placeholder=\"ime\" aria-errormessage=\"wpforms-541-field_0-error\" required><\/div><div id=\"wpforms-541-field_1-container\" class=\"wpforms-field wpforms-field-email\" data-field-id=\"1\"><label class=\"wpforms-field-label wpforms-label-hide\" for=\"wpforms-541-field_1\" aria-hidden=\"false\">E-mail <span class=\"wpforms-required-label\" aria-hidden=\"true\">*<\/span><\/label><input type=\"email\" id=\"wpforms-541-field_1\" class=\"wpforms-field-large wpforms-field-required\" name=\"wpforms[fields][1]\" placeholder=\"E-mail\" spellcheck=\"false\" aria-errormessage=\"wpforms-541-field_1-error\" required><\/div><div id=\"wpforms-541-field_2-container\" class=\"wpforms-field wpforms-field-textarea\" data-field-id=\"2\"><label class=\"wpforms-field-label wpforms-label-hide\" for=\"wpforms-541-field_2\" aria-hidden=\"false\">Poruka <span class=\"wpforms-required-label\" aria-hidden=\"true\">*<\/span><\/label><textarea id=\"wpforms-541-field_2\" class=\"wpforms-field-medium wpforms-field-required\" name=\"wpforms[fields][2]\" placeholder=\"Poruka\" aria-errormessage=\"wpforms-541-field_2-error\" required><\/textarea><\/div><\/div><!-- .wpforms-field-container --><div class=\"wpforms-submit-container\" ><input type=\"hidden\" name=\"wpforms[id]\" value=\"541\"><input type=\"hidden\" name=\"page_title\" value=\"\"><input type=\"hidden\" name=\"page_url\" value=\"https:\/\/croatasenmendoza.org\/hr\/wp-json\/wp\/v2\/pages\/1545\"><input type=\"hidden\" name=\"url_referer\" value=\"\"><button type=\"submit\" name=\"wpforms[submit]\" id=\"wpforms-submit-541\" class=\"wpforms-submit\" data-alt-text=\"Enviando...\" data-submit-text=\"Enviar\" aria-live=\"assertive\" value=\"wpforms-submit\">Poslati<\/button><\/div><input type=\"hidden\" name=\"trp-form-language\" value=\"hr\"\/><\/form><\/div>  <!-- .wpforms-container -->","protected":false},"excerpt":{"rendered":"<p>Nuestra Cultura Nuestra identidad vive en la lengua, la m\u00fasica, la danza y los sabores. A trav\u00e9s de distintas actividades promovemos la riqueza cultural de Croacia, acerc\u00e1ndola a la comunidad mendocina con pasi\u00f3n y compromiso. Planinari Planinari es nuestro grupo musical institucional, dedicado a interpretar canciones tradicionales croatas y latinoamericanas. Con instrumentos y voces que [&hellip;]<\/p>","protected":false},"author":1,"featured_media":0,"parent":0,"menu_order":0,"comment_status":"closed","ping_status":"closed","template":"","meta":{"pgc_sgb_lightbox_settings":"","footnotes":""},"class_list":["post-1545","page","type-page","status-publish","hentry"],"blocksy_meta":[],"_links":{"self":[{"href":"https:\/\/croatasenmendoza.org\/hr\/wp-json\/wp\/v2\/pages\/1545","targetHints":{"allow":["GET"]}}],"collection":[{"href":"https:\/\/croatasenmendoza.org\/hr\/wp-json\/wp\/v2\/pages"}],"about":[{"href":"https:\/\/croatasenmendoza.org\/hr\/wp-json\/wp\/v2\/types\/page"}],"author":[{"embeddable":true,"href":"https:\/\/croatasenmendoza.org\/hr\/wp-json\/wp\/v2\/users\/1"}],"replies":[{"embeddable":true,"href":"https:\/\/croatasenmendoza.org\/hr\/wp-json\/wp\/v2\/comments?post=1545"}],"version-history":[{"count":4,"href":"https:\/\/croatasenmendoza.org\/hr\/wp-json\/wp\/v2\/pages\/1545\/revisions"}],"predecessor-version":[{"id":1622,"href":"https:\/\/croatasenmendoza.org\/hr\/wp-json\/wp\/v2\/pages\/1545\/revisions\/1622"}],"wp:attachment":[{"href":"https:\/\/croatasenmendoza.org\/hr\/wp-json\/wp\/v2\/media?parent=1545"}],"curies":[{"name":"wp","href":"https:\/\/api.w.org\/{rel}","templated":true}]}}